{"id":724,"date":"2010-09-15T05:33:46","date_gmt":"2010-09-15T05:33:46","guid":{"rendered":"http:\/\/elegantthemes.com\/preview\/DeepFocus\/?page_id=2"},"modified":"2013-05-05T19:15:52","modified_gmt":"2013-05-05T19:15:52","slug":"about-2","status":"publish","type":"page","link":"https:\/\/lovemotion.mx\/wp\/about-2\/","title":{"rendered":"Acerca"},"content":{"rendered":"<p>Tu evento es \u00fanico e irrepetible y sin duda uno de los d\u00edas m\u00e1s importantes de su vida.\u00a0Recuerda cada detalle y revive todos sus recuerdos a trav\u00e9s de Lovemoti\u00f3n films.<\/p>\n","protected":false},"excerpt":{"rendered":"<p>Tu evento es \u00fanico e irrepetible y sin duda uno de los d\u00edas m\u00e1s importantes de su vida.\u00a0Recuerda cada detalle y revive todos sus recuerdos a trav\u00e9s de Lovemoti\u00f3n films.<\/p>\n","protected":false},"author":2,"featured_media":0,"parent":0,"menu_order":0,"comment_status":"open","ping_status":"closed","template":"","meta":{"footnotes":""},"class_list":["post-724","page","type-page","status-publish","hentry"],"_links":{"self":[{"href":"https:\/\/lovemotion.mx\/wp\/wp-json\/wp\/v2\/pages\/724","targetHints":{"allow":["GET"]}}],"collection":[{"href":"https:\/\/lovemotion.mx\/wp\/wp-json\/wp\/v2\/pages"}],"about":[{"href":"https:\/\/lovemotion.mx\/wp\/wp-json\/wp\/v2\/types\/page"}],"author":[{"embeddable":true,"href":"https:\/\/lovemotion.mx\/wp\/wp-json\/wp\/v2\/users\/2"}],"replies":[{"embeddable":true,"href":"https:\/\/lovemotion.mx\/wp\/wp-json\/wp\/v2\/comments?post=724"}],"version-history":[{"count":5,"href":"https:\/\/lovemotion.mx\/wp\/wp-json\/wp\/v2\/pages\/724\/revisions"}],"predecessor-version":[{"id":760,"href":"https:\/\/lovemotion.mx\/wp\/wp-json\/wp\/v2\/pages\/724\/revisions\/760"}],"wp:attachment":[{"href":"https:\/\/lovemotion.mx\/wp\/wp-json\/wp\/v2\/media?parent=724"}],"curies":[{"name":"wp","href":"https:\/\/api.w.org\/{rel}","templated":true}]}}